{"id":1314,"date":"2017-09-20T14:57:22","date_gmt":"2017-09-20T14:57:22","guid":{"rendered":"https:\/\/adegaalmeirim.pt\/vinhos\/leziria-adamado-rose\/"},"modified":"2025-01-02T16:58:14","modified_gmt":"2025-01-02T16:58:14","slug":"leziria-2-light-rose","status":"publish","type":"product","link":"https:\/\/adegaalmeirim.pt\/en\/store\/leziria-2-light-rose\/","title":{"rendered":"Lez\u00edria"},"content":{"rendered":"","protected":false},"excerpt":{"rendered":"<p class=\"p1\"><span class=\"s1\">Lez\u00edria is made in the center of Portugal, as its name suggests. A ros\u00e9 wine with low alcohol content, fresh and fruity. It features notes of red fruits, strawberries and some floral that make it perfect to pair with light dishes or seafood.<\/span><\/p>\n<p>Discount only applicable to sales in Portugal.<\/p>\n","protected":false},"featured_media":3827,"comment_status":"open","ping_status":"closed","template":"","meta":{"_acf_changed":false},"product_brand":[],"product_cat":[93],"product_tag":[100],"class_list":{"0":"post-1314","1":"product","2":"type-product","3":"status-publish","4":"has-post-thumbnail","6":"product_cat-light-rose","7":"product_tag-leziria-en","9":"first","10":"instock","11":"shipping-taxable","12":"purchasable","13":"product-type-variable","14":"has-default-attributes"},"acf":[],"yoast_head":"<!-- This site is optimized with the Yoast SEO plugin v27.4 - https:\/\/yoast.com\/product\/yoast-seo-wordpress\/ -->\n<title>Lez\u00edria Adamado Ros\u00e9 - Adega de Almeirim, desde 1958<\/title>\n<meta name=\"robots\" content=\"index, follow, max-snippet:-1, max-image-preview:large, max-video-preview:-1\" \/>\n<link rel=\"canonical\" href=\"https:\/\/adegaalmeirim.pt\/en\/store\/leziria-2-light-rose\/\" \/>\n<meta property=\"og:locale\" content=\"en_US\" \/>\n<meta property=\"og:type\" content=\"article\" \/>\n<meta property=\"og:title\" content=\"Lez\u00edria Adamado Ros\u00e9 - Adega de Almeirim, desde 1958\" \/>\n<meta property=\"og:description\" content=\"Lez\u00edria is made in the center of Portugal, as its name suggests. A ros\u00e9 wine with low alcohol content, fresh and fruity. It features notes of red fruits, strawberries and some floral that make it perfect to pair with light dishes or seafood. Discount only applicable to sales in Portugal.\" \/>\n<meta property=\"og:url\" content=\"https:\/\/adegaalmeirim.pt\/en\/store\/leziria-2-light-rose\/\" \/>\n<meta property=\"og:site_name\" content=\"Adega Almeirim\" \/>\n<meta property=\"article:publisher\" content=\"https:\/\/www.facebook.com\/adega.almeirim\" \/>\n<meta property=\"article:modified_time\" content=\"2025-01-02T16:58:14+00:00\" \/>\n<meta property=\"og:image\" content=\"https:\/\/adegaalmeirim.pt\/wp-content\/uploads\/2017\/09\/Leziria-Rose_Adamado_1L.png\" \/>\n\t<meta property=\"og:image:width\" content=\"200\" \/>\n\t<meta property=\"og:image:height\" content=\"600\" \/>\n\t<meta property=\"og:image:type\" content=\"image\/png\" \/>\n<meta name=\"twitter:card\" content=\"summary_large_image\" \/>\n<meta name=\"twitter:label1\" content=\"Est. reading time\" \/>\n\t<meta name=\"twitter:data1\" content=\"1 minute\" \/>\n<script type=\"application\/ld+json\" class=\"yoast-schema-graph\">{\"@context\":\"https:\\\/\\\/schema.org\",\"@graph\":[{\"@type\":\"WebPage\",\"@id\":\"https:\\\/\\\/adegaalmeirim.pt\\\/en\\\/store\\\/leziria-2-light-rose\\\/\",\"url\":\"https:\\\/\\\/adegaalmeirim.pt\\\/en\\\/store\\\/leziria-2-light-rose\\\/\",\"name\":\"Lez\u00edria Adamado Ros\u00e9 - Adega de Almeirim, desde 1958\",\"isPartOf\":{\"@id\":\"https:\\\/\\\/adegaalmeirim.pt\\\/#website\"},\"primaryImageOfPage\":{\"@id\":\"https:\\\/\\\/adegaalmeirim.pt\\\/en\\\/store\\\/leziria-2-light-rose\\\/#primaryimage\"},\"image\":{\"@id\":\"https:\\\/\\\/adegaalmeirim.pt\\\/en\\\/store\\\/leziria-2-light-rose\\\/#primaryimage\"},\"thumbnailUrl\":\"https:\\\/\\\/adegaalmeirim.pt\\\/wp-content\\\/uploads\\\/2017\\\/09\\\/Leziria-Rose_Adamado_1L.png\",\"datePublished\":\"2017-09-20T14:57:22+00:00\",\"dateModified\":\"2025-01-02T16:58:14+00:00\",\"breadcrumb\":{\"@id\":\"https:\\\/\\\/adegaalmeirim.pt\\\/en\\\/store\\\/leziria-2-light-rose\\\/#breadcrumb\"},\"inLanguage\":\"en-US\",\"potentialAction\":[{\"@type\":\"ReadAction\",\"target\":[\"https:\\\/\\\/adegaalmeirim.pt\\\/en\\\/store\\\/leziria-2-light-rose\\\/\"]}]},{\"@type\":\"ImageObject\",\"inLanguage\":\"en-US\",\"@id\":\"https:\\\/\\\/adegaalmeirim.pt\\\/en\\\/store\\\/leziria-2-light-rose\\\/#primaryimage\",\"url\":\"https:\\\/\\\/adegaalmeirim.pt\\\/wp-content\\\/uploads\\\/2017\\\/09\\\/Leziria-Rose_Adamado_1L.png\",\"contentUrl\":\"https:\\\/\\\/adegaalmeirim.pt\\\/wp-content\\\/uploads\\\/2017\\\/09\\\/Leziria-Rose_Adamado_1L.png\",\"width\":200,\"height\":600},{\"@type\":\"BreadcrumbList\",\"@id\":\"https:\\\/\\\/adegaalmeirim.pt\\\/en\\\/store\\\/leziria-2-light-rose\\\/#breadcrumb\",\"itemListElement\":[{\"@type\":\"ListItem\",\"position\":1,\"name\":\"Home\",\"item\":\"https:\\\/\\\/adegaalmeirim.pt\\\/en\\\/\"},{\"@type\":\"ListItem\",\"position\":2,\"name\":\"Wines\\\/Shop\",\"item\":\"https:\\\/\\\/adegaalmeirim.pt\\\/en\\\/store\\\/\"},{\"@type\":\"ListItem\",\"position\":3,\"name\":\"Lez\u00edria\"}]},{\"@type\":\"WebSite\",\"@id\":\"https:\\\/\\\/adegaalmeirim.pt\\\/#website\",\"url\":\"https:\\\/\\\/adegaalmeirim.pt\\\/\",\"name\":\"Adega Almeirim\",\"description\":\"Vinhos de Portugal\",\"publisher\":{\"@id\":\"https:\\\/\\\/adegaalmeirim.pt\\\/#organization\"},\"potentialAction\":[{\"@type\":\"SearchAction\",\"target\":{\"@type\":\"EntryPoint\",\"urlTemplate\":\"https:\\\/\\\/adegaalmeirim.pt\\\/?s={search_term_string}\"},\"query-input\":{\"@type\":\"PropertyValueSpecification\",\"valueRequired\":true,\"valueName\":\"search_term_string\"}}],\"inLanguage\":\"en-US\"},{\"@type\":\"Organization\",\"@id\":\"https:\\\/\\\/adegaalmeirim.pt\\\/#organization\",\"name\":\"Adega de Almeirim\",\"url\":\"https:\\\/\\\/adegaalmeirim.pt\\\/\",\"logo\":{\"@type\":\"ImageObject\",\"inLanguage\":\"en-US\",\"@id\":\"https:\\\/\\\/adegaalmeirim.pt\\\/#\\\/schema\\\/logo\\\/image\\\/\",\"url\":\"https:\\\/\\\/adegaalmeirim.pt\\\/wp-content\\\/uploads\\\/2017\\\/08\\\/badgeAdegaHome.png\",\"contentUrl\":\"https:\\\/\\\/adegaalmeirim.pt\\\/wp-content\\\/uploads\\\/2017\\\/08\\\/badgeAdegaHome.png\",\"width\":232,\"height\":232,\"caption\":\"Adega de Almeirim\"},\"image\":{\"@id\":\"https:\\\/\\\/adegaalmeirim.pt\\\/#\\\/schema\\\/logo\\\/image\\\/\"},\"sameAs\":[\"https:\\\/\\\/www.facebook.com\\\/adega.almeirim\",\"https:\\\/\\\/www.instagram.com\\\/adega.almeirim\\\/\"]}]}<\/script>\n<!-- \/ Yoast SEO plugin. -->","yoast_head_json":{"title":"Lez\u00edria Adamado Ros\u00e9 - Adega de Almeirim, desde 1958","robots":{"index":"index","follow":"follow","max-snippet":"max-snippet:-1","max-image-preview":"max-image-preview:large","max-video-preview":"max-video-preview:-1"},"canonical":"https:\/\/adegaalmeirim.pt\/en\/store\/leziria-2-light-rose\/","og_locale":"en_US","og_type":"article","og_title":"Lez\u00edria Adamado Ros\u00e9 - Adega de Almeirim, desde 1958","og_description":"Lez\u00edria is made in the center of Portugal, as its name suggests. A ros\u00e9 wine with low alcohol content, fresh and fruity. It features notes of red fruits, strawberries and some floral that make it perfect to pair with light dishes or seafood. Discount only applicable to sales in Portugal.","og_url":"https:\/\/adegaalmeirim.pt\/en\/store\/leziria-2-light-rose\/","og_site_name":"Adega Almeirim","article_publisher":"https:\/\/www.facebook.com\/adega.almeirim","article_modified_time":"2025-01-02T16:58:14+00:00","og_image":[{"width":200,"height":600,"url":"https:\/\/adegaalmeirim.pt\/wp-content\/uploads\/2017\/09\/Leziria-Rose_Adamado_1L.png","type":"image\/png"}],"twitter_card":"summary_large_image","twitter_misc":{"Est. reading time":"1 minute"},"schema":{"@context":"https:\/\/schema.org","@graph":[{"@type":"WebPage","@id":"https:\/\/adegaalmeirim.pt\/en\/store\/leziria-2-light-rose\/","url":"https:\/\/adegaalmeirim.pt\/en\/store\/leziria-2-light-rose\/","name":"Lez\u00edria Adamado Ros\u00e9 - Adega de Almeirim, desde 1958","isPartOf":{"@id":"https:\/\/adegaalmeirim.pt\/#website"},"primaryImageOfPage":{"@id":"https:\/\/adegaalmeirim.pt\/en\/store\/leziria-2-light-rose\/#primaryimage"},"image":{"@id":"https:\/\/adegaalmeirim.pt\/en\/store\/leziria-2-light-rose\/#primaryimage"},"thumbnailUrl":"https:\/\/adegaalmeirim.pt\/wp-content\/uploads\/2017\/09\/Leziria-Rose_Adamado_1L.png","datePublished":"2017-09-20T14:57:22+00:00","dateModified":"2025-01-02T16:58:14+00:00","breadcrumb":{"@id":"https:\/\/adegaalmeirim.pt\/en\/store\/leziria-2-light-rose\/#breadcrumb"},"inLanguage":"en-US","potentialAction":[{"@type":"ReadAction","target":["https:\/\/adegaalmeirim.pt\/en\/store\/leziria-2-light-rose\/"]}]},{"@type":"ImageObject","inLanguage":"en-US","@id":"https:\/\/adegaalmeirim.pt\/en\/store\/leziria-2-light-rose\/#primaryimage","url":"https:\/\/adegaalmeirim.pt\/wp-content\/uploads\/2017\/09\/Leziria-Rose_Adamado_1L.png","contentUrl":"https:\/\/adegaalmeirim.pt\/wp-content\/uploads\/2017\/09\/Leziria-Rose_Adamado_1L.png","width":200,"height":600},{"@type":"BreadcrumbList","@id":"https:\/\/adegaalmeirim.pt\/en\/store\/leziria-2-light-rose\/#breadcrumb","itemListElement":[{"@type":"ListItem","position":1,"name":"Home","item":"https:\/\/adegaalmeirim.pt\/en\/"},{"@type":"ListItem","position":2,"name":"Wines\/Shop","item":"https:\/\/adegaalmeirim.pt\/en\/store\/"},{"@type":"ListItem","position":3,"name":"Lez\u00edria"}]},{"@type":"WebSite","@id":"https:\/\/adegaalmeirim.pt\/#website","url":"https:\/\/adegaalmeirim.pt\/","name":"Adega Almeirim","description":"Vinhos de Portugal","publisher":{"@id":"https:\/\/adegaalmeirim.pt\/#organization"},"potentialAction":[{"@type":"SearchAction","target":{"@type":"EntryPoint","urlTemplate":"https:\/\/adegaalmeirim.pt\/?s={search_term_string}"},"query-input":{"@type":"PropertyValueSpecification","valueRequired":true,"valueName":"search_term_string"}}],"inLanguage":"en-US"},{"@type":"Organization","@id":"https:\/\/adegaalmeirim.pt\/#organization","name":"Adega de Almeirim","url":"https:\/\/adegaalmeirim.pt\/","logo":{"@type":"ImageObject","inLanguage":"en-US","@id":"https:\/\/adegaalmeirim.pt\/#\/schema\/logo\/image\/","url":"https:\/\/adegaalmeirim.pt\/wp-content\/uploads\/2017\/08\/badgeAdegaHome.png","contentUrl":"https:\/\/adegaalmeirim.pt\/wp-content\/uploads\/2017\/08\/badgeAdegaHome.png","width":232,"height":232,"caption":"Adega de Almeirim"},"image":{"@id":"https:\/\/adegaalmeirim.pt\/#\/schema\/logo\/image\/"},"sameAs":["https:\/\/www.facebook.com\/adega.almeirim","https:\/\/www.instagram.com\/adega.almeirim\/"]}]}},"_links":{"self":[{"href":"https:\/\/adegaalmeirim.pt\/en\/wp-json\/wp\/v2\/product\/1314","targetHints":{"allow":["GET"]}}],"collection":[{"href":"https:\/\/adegaalmeirim.pt\/en\/wp-json\/wp\/v2\/product"}],"about":[{"href":"https:\/\/adegaalmeirim.pt\/en\/wp-json\/wp\/v2\/types\/product"}],"replies":[{"embeddable":true,"href":"https:\/\/adegaalmeirim.pt\/en\/wp-json\/wp\/v2\/comments?post=1314"}],"wp:featuredmedia":[{"embeddable":true,"href":"https:\/\/adegaalmeirim.pt\/en\/wp-json\/wp\/v2\/media\/3827"}],"wp:attachment":[{"href":"https:\/\/adegaalmeirim.pt\/en\/wp-json\/wp\/v2\/media?parent=1314"}],"wp:term":[{"taxonomy":"product_brand","embeddable":true,"href":"https:\/\/adegaalmeirim.pt\/en\/wp-json\/wp\/v2\/product_brand?post=1314"},{"taxonomy":"product_cat","embeddable":true,"href":"https:\/\/adegaalmeirim.pt\/en\/wp-json\/wp\/v2\/product_cat?post=1314"},{"taxonomy":"product_tag","embeddable":true,"href":"https:\/\/adegaalmeirim.pt\/en\/wp-json\/wp\/v2\/product_tag?post=1314"}],"curies":[{"name":"wp","href":"https:\/\/api.w.org\/{rel}","templated":true}]}}