{"id":1337,"date":"2017-09-20T15:35:43","date_gmt":"2017-09-20T15:35:43","guid":{"rendered":"https:\/\/adegaalmeirim.pt\/vinhos\/planicie-branco\/"},"modified":"2025-01-02T17:05:38","modified_gmt":"2025-01-02T17:05:38","slug":"planicie-1-white","status":"publish","type":"product","link":"https:\/\/adegaalmeirim.pt\/en\/store\/planicie-1-white\/","title":{"rendered":"Plan\u00edcie"},"content":{"rendered":"","protected":false},"excerpt":{"rendered":"<p class=\"p1\">Plan\u00edcie it is a wine that you will not forget so soon. Composed mainly by Fern\u00e3o Pires grapes, a selection specially vinified and fermented at very low temperatures that give birth to a wine with accentuated and smooth perfume in the tasting. A brilliant choice to pair with fish and seafood dishes.<\/p>\n<p>Discount only applicable to sales in Portugal.<\/p>\n","protected":false},"featured_media":4535,"comment_status":"open","ping_status":"closed","template":"","meta":{"_acf_changed":false},"product_brand":[],"product_cat":[71],"product_tag":[99],"class_list":{"0":"post-1337","1":"product","2":"type-product","3":"status-publish","4":"has-post-thumbnail","6":"product_cat-white","7":"product_tag-planicie-en","9":"first","10":"instock","11":"shipping-taxable","12":"purchasable","13":"product-type-variable","14":"has-default-attributes"},"acf":[],"yoast_head":"<!-- This site is optimized with the Yoast SEO plugin v27.1.1 - https:\/\/yoast.com\/product\/yoast-seo-wordpress\/ -->\n<title>Plan\u00edcie Branco - Adega de Almeirim, desde 1958<\/title>\n<meta name=\"robots\" content=\"index, follow, max-snippet:-1, max-image-preview:large, max-video-preview:-1\" \/>\n<link rel=\"canonical\" href=\"https:\/\/adegaalmeirim.pt\/en\/store\/planicie-1-white\/\" \/>\n<meta property=\"og:locale\" content=\"en_US\" \/>\n<meta property=\"og:type\" content=\"article\" \/>\n<meta property=\"og:title\" content=\"Plan\u00edcie Branco - Adega de Almeirim, desde 1958\" \/>\n<meta property=\"og:description\" content=\"Plan\u00edcie it is a wine that you will not forget so soon. Composed mainly by Fern\u00e3o Pires grapes, a selection specially vinified and fermented at very low temperatures that give birth to a wine with accentuated and smooth perfume in the tasting. A brilliant choice to pair with fish and seafood dishes. Discount only applicable to sales in Portugal.\" \/>\n<meta property=\"og:url\" content=\"https:\/\/adegaalmeirim.pt\/en\/store\/planicie-1-white\/\" \/>\n<meta property=\"og:site_name\" content=\"Adega Almeirim\" \/>\n<meta property=\"article:publisher\" content=\"https:\/\/www.facebook.com\/adega.almeirim\" \/>\n<meta property=\"article:modified_time\" content=\"2025-01-02T17:05:38+00:00\" \/>\n<meta property=\"og:image\" content=\"https:\/\/adegaalmeirim.pt\/wp-content\/uploads\/2017\/09\/Planicie-Branco-Adega-de-Almeirim.png\" \/>\n\t<meta property=\"og:image:width\" content=\"200\" \/>\n\t<meta property=\"og:image:height\" content=\"600\" \/>\n\t<meta property=\"og:image:type\" content=\"image\/png\" \/>\n<meta name=\"twitter:card\" content=\"summary_large_image\" \/>\n<meta name=\"twitter:label1\" content=\"Est. reading time\" \/>\n\t<meta name=\"twitter:data1\" content=\"2 minutes\" \/>\n<script type=\"application\/ld+json\" class=\"yoast-schema-graph\">{\"@context\":\"https:\/\/schema.org\",\"@graph\":[{\"@type\":\"WebPage\",\"@id\":\"https:\/\/adegaalmeirim.pt\/en\/store\/planicie-1-white\/\",\"url\":\"https:\/\/adegaalmeirim.pt\/en\/store\/planicie-1-white\/\",\"name\":\"Plan\u00edcie Branco - Adega de Almeirim, desde 1958\",\"isPartOf\":{\"@id\":\"https:\/\/adegaalmeirim.pt\/#website\"},\"primaryImageOfPage\":{\"@id\":\"https:\/\/adegaalmeirim.pt\/en\/store\/planicie-1-white\/#primaryimage\"},\"image\":{\"@id\":\"https:\/\/adegaalmeirim.pt\/en\/store\/planicie-1-white\/#primaryimage\"},\"thumbnailUrl\":\"https:\/\/adegaalmeirim.pt\/wp-content\/uploads\/2017\/09\/Planicie-Branco-Adega-de-Almeirim.png\",\"datePublished\":\"2017-09-20T15:35:43+00:00\",\"dateModified\":\"2025-01-02T17:05:38+00:00\",\"breadcrumb\":{\"@id\":\"https:\/\/adegaalmeirim.pt\/en\/store\/planicie-1-white\/#breadcrumb\"},\"inLanguage\":\"en-US\",\"potentialAction\":[{\"@type\":\"ReadAction\",\"target\":[\"https:\/\/adegaalmeirim.pt\/en\/store\/planicie-1-white\/\"]}]},{\"@type\":\"ImageObject\",\"inLanguage\":\"en-US\",\"@id\":\"https:\/\/adegaalmeirim.pt\/en\/store\/planicie-1-white\/#primaryimage\",\"url\":\"https:\/\/adegaalmeirim.pt\/wp-content\/uploads\/2017\/09\/Planicie-Branco-Adega-de-Almeirim.png\",\"contentUrl\":\"https:\/\/adegaalmeirim.pt\/wp-content\/uploads\/2017\/09\/Planicie-Branco-Adega-de-Almeirim.png\",\"width\":200,\"height\":600},{\"@type\":\"BreadcrumbList\",\"@id\":\"https:\/\/adegaalmeirim.pt\/en\/store\/planicie-1-white\/#breadcrumb\",\"itemListElement\":[{\"@type\":\"ListItem\",\"position\":1,\"name\":\"Home\",\"item\":\"https:\/\/adegaalmeirim.pt\/en\/\"},{\"@type\":\"ListItem\",\"position\":2,\"name\":\"Wines\/Shop\",\"item\":\"https:\/\/adegaalmeirim.pt\/en\/store\/\"},{\"@type\":\"ListItem\",\"position\":3,\"name\":\"Plan\u00edcie\"}]},{\"@type\":\"WebSite\",\"@id\":\"https:\/\/adegaalmeirim.pt\/#website\",\"url\":\"https:\/\/adegaalmeirim.pt\/\",\"name\":\"Adega Almeirim\",\"description\":\"Vinhos de Portugal\",\"publisher\":{\"@id\":\"https:\/\/adegaalmeirim.pt\/#organization\"},\"potentialAction\":[{\"@type\":\"SearchAction\",\"target\":{\"@type\":\"EntryPoint\",\"urlTemplate\":\"https:\/\/adegaalmeirim.pt\/?s={search_term_string}\"},\"query-input\":{\"@type\":\"PropertyValueSpecification\",\"valueRequired\":true,\"valueName\":\"search_term_string\"}}],\"inLanguage\":\"en-US\"},{\"@type\":\"Organization\",\"@id\":\"https:\/\/adegaalmeirim.pt\/#organization\",\"name\":\"Adega de Almeirim\",\"url\":\"https:\/\/adegaalmeirim.pt\/\",\"logo\":{\"@type\":\"ImageObject\",\"inLanguage\":\"en-US\",\"@id\":\"https:\/\/adegaalmeirim.pt\/#\/schema\/logo\/image\/\",\"url\":\"https:\/\/adegaalmeirim.pt\/wp-content\/uploads\/2017\/08\/badgeAdegaHome.png\",\"contentUrl\":\"https:\/\/adegaalmeirim.pt\/wp-content\/uploads\/2017\/08\/badgeAdegaHome.png\",\"width\":232,\"height\":232,\"caption\":\"Adega de Almeirim\"},\"image\":{\"@id\":\"https:\/\/adegaalmeirim.pt\/#\/schema\/logo\/image\/\"},\"sameAs\":[\"https:\/\/www.facebook.com\/adega.almeirim\",\"https:\/\/www.instagram.com\/adega.almeirim\/\"]}]}<\/script>\n<!-- \/ Yoast SEO plugin. -->","yoast_head_json":{"title":"Plan\u00edcie Branco - Adega de Almeirim, desde 1958","robots":{"index":"index","follow":"follow","max-snippet":"max-snippet:-1","max-image-preview":"max-image-preview:large","max-video-preview":"max-video-preview:-1"},"canonical":"https:\/\/adegaalmeirim.pt\/en\/store\/planicie-1-white\/","og_locale":"en_US","og_type":"article","og_title":"Plan\u00edcie Branco - Adega de Almeirim, desde 1958","og_description":"Plan\u00edcie it is a wine that you will not forget so soon. Composed mainly by Fern\u00e3o Pires grapes, a selection specially vinified and fermented at very low temperatures that give birth to a wine with accentuated and smooth perfume in the tasting. A brilliant choice to pair with fish and seafood dishes. Discount only applicable to sales in Portugal.","og_url":"https:\/\/adegaalmeirim.pt\/en\/store\/planicie-1-white\/","og_site_name":"Adega Almeirim","article_publisher":"https:\/\/www.facebook.com\/adega.almeirim","article_modified_time":"2025-01-02T17:05:38+00:00","og_image":[{"width":200,"height":600,"url":"https:\/\/adegaalmeirim.pt\/wp-content\/uploads\/2017\/09\/Planicie-Branco-Adega-de-Almeirim.png","type":"image\/png"}],"twitter_card":"summary_large_image","twitter_misc":{"Est. reading time":"2 minutes"},"schema":{"@context":"https:\/\/schema.org","@graph":[{"@type":"WebPage","@id":"https:\/\/adegaalmeirim.pt\/en\/store\/planicie-1-white\/","url":"https:\/\/adegaalmeirim.pt\/en\/store\/planicie-1-white\/","name":"Plan\u00edcie Branco - Adega de Almeirim, desde 1958","isPartOf":{"@id":"https:\/\/adegaalmeirim.pt\/#website"},"primaryImageOfPage":{"@id":"https:\/\/adegaalmeirim.pt\/en\/store\/planicie-1-white\/#primaryimage"},"image":{"@id":"https:\/\/adegaalmeirim.pt\/en\/store\/planicie-1-white\/#primaryimage"},"thumbnailUrl":"https:\/\/adegaalmeirim.pt\/wp-content\/uploads\/2017\/09\/Planicie-Branco-Adega-de-Almeirim.png","datePublished":"2017-09-20T15:35:43+00:00","dateModified":"2025-01-02T17:05:38+00:00","breadcrumb":{"@id":"https:\/\/adegaalmeirim.pt\/en\/store\/planicie-1-white\/#breadcrumb"},"inLanguage":"en-US","potentialAction":[{"@type":"ReadAction","target":["https:\/\/adegaalmeirim.pt\/en\/store\/planicie-1-white\/"]}]},{"@type":"ImageObject","inLanguage":"en-US","@id":"https:\/\/adegaalmeirim.pt\/en\/store\/planicie-1-white\/#primaryimage","url":"https:\/\/adegaalmeirim.pt\/wp-content\/uploads\/2017\/09\/Planicie-Branco-Adega-de-Almeirim.png","contentUrl":"https:\/\/adegaalmeirim.pt\/wp-content\/uploads\/2017\/09\/Planicie-Branco-Adega-de-Almeirim.png","width":200,"height":600},{"@type":"BreadcrumbList","@id":"https:\/\/adegaalmeirim.pt\/en\/store\/planicie-1-white\/#breadcrumb","itemListElement":[{"@type":"ListItem","position":1,"name":"Home","item":"https:\/\/adegaalmeirim.pt\/en\/"},{"@type":"ListItem","position":2,"name":"Wines\/Shop","item":"https:\/\/adegaalmeirim.pt\/en\/store\/"},{"@type":"ListItem","position":3,"name":"Plan\u00edcie"}]},{"@type":"WebSite","@id":"https:\/\/adegaalmeirim.pt\/#website","url":"https:\/\/adegaalmeirim.pt\/","name":"Adega Almeirim","description":"Vinhos de Portugal","publisher":{"@id":"https:\/\/adegaalmeirim.pt\/#organization"},"potentialAction":[{"@type":"SearchAction","target":{"@type":"EntryPoint","urlTemplate":"https:\/\/adegaalmeirim.pt\/?s={search_term_string}"},"query-input":{"@type":"PropertyValueSpecification","valueRequired":true,"valueName":"search_term_string"}}],"inLanguage":"en-US"},{"@type":"Organization","@id":"https:\/\/adegaalmeirim.pt\/#organization","name":"Adega de Almeirim","url":"https:\/\/adegaalmeirim.pt\/","logo":{"@type":"ImageObject","inLanguage":"en-US","@id":"https:\/\/adegaalmeirim.pt\/#\/schema\/logo\/image\/","url":"https:\/\/adegaalmeirim.pt\/wp-content\/uploads\/2017\/08\/badgeAdegaHome.png","contentUrl":"https:\/\/adegaalmeirim.pt\/wp-content\/uploads\/2017\/08\/badgeAdegaHome.png","width":232,"height":232,"caption":"Adega de Almeirim"},"image":{"@id":"https:\/\/adegaalmeirim.pt\/#\/schema\/logo\/image\/"},"sameAs":["https:\/\/www.facebook.com\/adega.almeirim","https:\/\/www.instagram.com\/adega.almeirim\/"]}]}},"_links":{"self":[{"href":"https:\/\/adegaalmeirim.pt\/en\/wp-json\/wp\/v2\/product\/1337","targetHints":{"allow":["GET"]}}],"collection":[{"href":"https:\/\/adegaalmeirim.pt\/en\/wp-json\/wp\/v2\/product"}],"about":[{"href":"https:\/\/adegaalmeirim.pt\/en\/wp-json\/wp\/v2\/types\/product"}],"replies":[{"embeddable":true,"href":"https:\/\/adegaalmeirim.pt\/en\/wp-json\/wp\/v2\/comments?post=1337"}],"wp:featuredmedia":[{"embeddable":true,"href":"https:\/\/adegaalmeirim.pt\/en\/wp-json\/wp\/v2\/media\/4535"}],"wp:attachment":[{"href":"https:\/\/adegaalmeirim.pt\/en\/wp-json\/wp\/v2\/media?parent=1337"}],"wp:term":[{"taxonomy":"product_brand","embeddable":true,"href":"https:\/\/adegaalmeirim.pt\/en\/wp-json\/wp\/v2\/product_brand?post=1337"},{"taxonomy":"product_cat","embeddable":true,"href":"https:\/\/adegaalmeirim.pt\/en\/wp-json\/wp\/v2\/product_cat?post=1337"},{"taxonomy":"product_tag","embeddable":true,"href":"https:\/\/adegaalmeirim.pt\/en\/wp-json\/wp\/v2\/product_tag?post=1337"}],"curies":[{"name":"wp","href":"https:\/\/api.w.org\/{rel}","templated":true}]}}