{"id":1368,"date":"2017-09-22T14:10:19","date_gmt":"2017-09-22T14:10:19","guid":{"rendered":"https:\/\/adegaalmeirim.pt\/vinhos\/varandas-3-licoroso\/"},"modified":"2020-04-06T08:59:06","modified_gmt":"2020-04-06T08:59:06","slug":"varandas-3-liqueur","status":"publish","type":"product","link":"https:\/\/adegaalmeirim.pt\/en\/store\/varandas-3-liqueur\/","title":{"rendered":"Varandas"},"content":{"rendered":"","protected":false},"excerpt":{"rendered":"<p class=\"p1\">DOP white fortfied wine of Tejo region has an amber color, complex tertiary aromas and notes of nuts and some truffle. In the mouth it is unctuous, complex and with a lot of volume. Excellent option as aperitif or dessert wine.<\/p>\n<p>Discount only applicable to sales in Portugal.<\/p>\n","protected":false},"featured_media":4543,"comment_status":"open","ping_status":"closed","template":"","meta":{"_acf_changed":false},"product_brand":[],"product_cat":[91],"product_tag":[84],"class_list":{"0":"post-1368","1":"product","2":"type-product","3":"status-publish","4":"has-post-thumbnail","6":"product_cat-liqueur","7":"product_tag-varandas-en","9":"first","10":"instock","11":"shipping-taxable","12":"purchasable","13":"product-type-variable","14":"has-default-attributes"},"acf":[],"yoast_head":"<!-- This site is optimized with the Yoast SEO plugin v27.1.1 - https:\/\/yoast.com\/product\/yoast-seo-wordpress\/ -->\n<title>Varandas Licoroso - Adega de Almeirim, desde 1958<\/title>\n<meta name=\"description\" content=\"Varandas Licoroso. Produzido com uvas escolhidas das melhores castas tradicionais da regi\u00e3o \u00e9 um vinho fresco e uma \u00f3ptima companhia num final de tarde.\" \/>\n<meta name=\"robots\" content=\"index, follow, max-snippet:-1, max-image-preview:large, max-video-preview:-1\" \/>\n<link rel=\"canonical\" href=\"https:\/\/adegaalmeirim.pt\/en\/store\/varandas-3-liqueur\/\" \/>\n<meta property=\"og:locale\" content=\"en_US\" \/>\n<meta property=\"og:type\" content=\"article\" \/>\n<meta property=\"og:title\" content=\"Varandas Licoroso - Adega de Almeirim, desde 1958\" \/>\n<meta property=\"og:description\" content=\"Varandas Licoroso. Produzido com uvas escolhidas das melhores castas tradicionais da regi\u00e3o \u00e9 um vinho fresco e uma \u00f3ptima companhia num final de tarde.\" \/>\n<meta property=\"og:url\" content=\"https:\/\/adegaalmeirim.pt\/en\/store\/varandas-3-liqueur\/\" \/>\n<meta property=\"og:site_name\" content=\"Adega Almeirim\" \/>\n<meta property=\"article:publisher\" content=\"https:\/\/www.facebook.com\/adega.almeirim\" \/>\n<meta property=\"article:modified_time\" content=\"2020-04-06T08:59:06+00:00\" \/>\n<meta property=\"og:image\" content=\"https:\/\/adegaalmeirim.pt\/wp-content\/uploads\/2017\/09\/Vinho_Promocao_Website_PT-Varandas-Licoroso-2.png\" \/>\n\t<meta property=\"og:image:width\" content=\"200\" \/>\n\t<meta property=\"og:image:height\" content=\"600\" \/>\n\t<meta property=\"og:image:type\" content=\"image\/png\" \/>\n<meta name=\"twitter:card\" content=\"summary_large_image\" \/>\n<script type=\"application\/ld+json\" class=\"yoast-schema-graph\">{\"@context\":\"https:\/\/schema.org\",\"@graph\":[{\"@type\":\"WebPage\",\"@id\":\"https:\/\/adegaalmeirim.pt\/en\/store\/varandas-3-liqueur\/\",\"url\":\"https:\/\/adegaalmeirim.pt\/en\/store\/varandas-3-liqueur\/\",\"name\":\"Varandas Licoroso - Adega de Almeirim, desde 1958\",\"isPartOf\":{\"@id\":\"https:\/\/adegaalmeirim.pt\/#website\"},\"primaryImageOfPage\":{\"@id\":\"https:\/\/adegaalmeirim.pt\/en\/store\/varandas-3-liqueur\/#primaryimage\"},\"image\":{\"@id\":\"https:\/\/adegaalmeirim.pt\/en\/store\/varandas-3-liqueur\/#primaryimage\"},\"thumbnailUrl\":\"https:\/\/adegaalmeirim.pt\/wp-content\/uploads\/2017\/09\/Varandas-Licoroso-Adega-de-Almeirim.png\",\"datePublished\":\"2017-09-22T14:10:19+00:00\",\"dateModified\":\"2020-04-06T08:59:06+00:00\",\"description\":\"Varandas Licoroso. Produzido com uvas escolhidas das melhores castas tradicionais da regi\u00e3o \u00e9 um vinho fresco e uma \u00f3ptima companhia num final de tarde.\",\"breadcrumb\":{\"@id\":\"https:\/\/adegaalmeirim.pt\/en\/store\/varandas-3-liqueur\/#breadcrumb\"},\"inLanguage\":\"en-US\",\"potentialAction\":[{\"@type\":\"ReadAction\",\"target\":[\"https:\/\/adegaalmeirim.pt\/en\/store\/varandas-3-liqueur\/\"]}]},{\"@type\":\"ImageObject\",\"inLanguage\":\"en-US\",\"@id\":\"https:\/\/adegaalmeirim.pt\/en\/store\/varandas-3-liqueur\/#primaryimage\",\"url\":\"https:\/\/adegaalmeirim.pt\/wp-content\/uploads\/2017\/09\/Varandas-Licoroso-Adega-de-Almeirim.png\",\"contentUrl\":\"https:\/\/adegaalmeirim.pt\/wp-content\/uploads\/2017\/09\/Varandas-Licoroso-Adega-de-Almeirim.png\",\"width\":200,\"height\":600},{\"@type\":\"BreadcrumbList\",\"@id\":\"https:\/\/adegaalmeirim.pt\/en\/store\/varandas-3-liqueur\/#breadcrumb\",\"itemListElement\":[{\"@type\":\"ListItem\",\"position\":1,\"name\":\"Home\",\"item\":\"https:\/\/adegaalmeirim.pt\/en\/\"},{\"@type\":\"ListItem\",\"position\":2,\"name\":\"Wines\/Shop\",\"item\":\"https:\/\/adegaalmeirim.pt\/en\/store\/\"},{\"@type\":\"ListItem\",\"position\":3,\"name\":\"Varandas\"}]},{\"@type\":\"WebSite\",\"@id\":\"https:\/\/adegaalmeirim.pt\/#website\",\"url\":\"https:\/\/adegaalmeirim.pt\/\",\"name\":\"Adega Almeirim\",\"description\":\"Vinhos de Portugal\",\"publisher\":{\"@id\":\"https:\/\/adegaalmeirim.pt\/#organization\"},\"potentialAction\":[{\"@type\":\"SearchAction\",\"target\":{\"@type\":\"EntryPoint\",\"urlTemplate\":\"https:\/\/adegaalmeirim.pt\/?s={search_term_string}\"},\"query-input\":{\"@type\":\"PropertyValueSpecification\",\"valueRequired\":true,\"valueName\":\"search_term_string\"}}],\"inLanguage\":\"en-US\"},{\"@type\":\"Organization\",\"@id\":\"https:\/\/adegaalmeirim.pt\/#organization\",\"name\":\"Adega de Almeirim\",\"url\":\"https:\/\/adegaalmeirim.pt\/\",\"logo\":{\"@type\":\"ImageObject\",\"inLanguage\":\"en-US\",\"@id\":\"https:\/\/adegaalmeirim.pt\/#\/schema\/logo\/image\/\",\"url\":\"https:\/\/adegaalmeirim.pt\/wp-content\/uploads\/2017\/08\/badgeAdegaHome.png\",\"contentUrl\":\"https:\/\/adegaalmeirim.pt\/wp-content\/uploads\/2017\/08\/badgeAdegaHome.png\",\"width\":232,\"height\":232,\"caption\":\"Adega de Almeirim\"},\"image\":{\"@id\":\"https:\/\/adegaalmeirim.pt\/#\/schema\/logo\/image\/\"},\"sameAs\":[\"https:\/\/www.facebook.com\/adega.almeirim\",\"https:\/\/www.instagram.com\/adega.almeirim\/\"]}]}<\/script>\n<!-- \/ Yoast SEO plugin. -->","yoast_head_json":{"title":"Varandas Licoroso - Adega de Almeirim, desde 1958","description":"Varandas Licoroso. Produzido com uvas escolhidas das melhores castas tradicionais da regi\u00e3o \u00e9 um vinho fresco e uma \u00f3ptima companhia num final de tarde.","robots":{"index":"index","follow":"follow","max-snippet":"max-snippet:-1","max-image-preview":"max-image-preview:large","max-video-preview":"max-video-preview:-1"},"canonical":"https:\/\/adegaalmeirim.pt\/en\/store\/varandas-3-liqueur\/","og_locale":"en_US","og_type":"article","og_title":"Varandas Licoroso - Adega de Almeirim, desde 1958","og_description":"Varandas Licoroso. Produzido com uvas escolhidas das melhores castas tradicionais da regi\u00e3o \u00e9 um vinho fresco e uma \u00f3ptima companhia num final de tarde.","og_url":"https:\/\/adegaalmeirim.pt\/en\/store\/varandas-3-liqueur\/","og_site_name":"Adega Almeirim","article_publisher":"https:\/\/www.facebook.com\/adega.almeirim","article_modified_time":"2020-04-06T08:59:06+00:00","og_image":[{"width":200,"height":600,"url":"https:\/\/adegaalmeirim.pt\/wp-content\/uploads\/2017\/09\/Vinho_Promocao_Website_PT-Varandas-Licoroso-2.png","type":"image\/png"}],"twitter_card":"summary_large_image","schema":{"@context":"https:\/\/schema.org","@graph":[{"@type":"WebPage","@id":"https:\/\/adegaalmeirim.pt\/en\/store\/varandas-3-liqueur\/","url":"https:\/\/adegaalmeirim.pt\/en\/store\/varandas-3-liqueur\/","name":"Varandas Licoroso - Adega de Almeirim, desde 1958","isPartOf":{"@id":"https:\/\/adegaalmeirim.pt\/#website"},"primaryImageOfPage":{"@id":"https:\/\/adegaalmeirim.pt\/en\/store\/varandas-3-liqueur\/#primaryimage"},"image":{"@id":"https:\/\/adegaalmeirim.pt\/en\/store\/varandas-3-liqueur\/#primaryimage"},"thumbnailUrl":"https:\/\/adegaalmeirim.pt\/wp-content\/uploads\/2017\/09\/Varandas-Licoroso-Adega-de-Almeirim.png","datePublished":"2017-09-22T14:10:19+00:00","dateModified":"2020-04-06T08:59:06+00:00","description":"Varandas Licoroso. Produzido com uvas escolhidas das melhores castas tradicionais da regi\u00e3o \u00e9 um vinho fresco e uma \u00f3ptima companhia num final de tarde.","breadcrumb":{"@id":"https:\/\/adegaalmeirim.pt\/en\/store\/varandas-3-liqueur\/#breadcrumb"},"inLanguage":"en-US","potentialAction":[{"@type":"ReadAction","target":["https:\/\/adegaalmeirim.pt\/en\/store\/varandas-3-liqueur\/"]}]},{"@type":"ImageObject","inLanguage":"en-US","@id":"https:\/\/adegaalmeirim.pt\/en\/store\/varandas-3-liqueur\/#primaryimage","url":"https:\/\/adegaalmeirim.pt\/wp-content\/uploads\/2017\/09\/Varandas-Licoroso-Adega-de-Almeirim.png","contentUrl":"https:\/\/adegaalmeirim.pt\/wp-content\/uploads\/2017\/09\/Varandas-Licoroso-Adega-de-Almeirim.png","width":200,"height":600},{"@type":"BreadcrumbList","@id":"https:\/\/adegaalmeirim.pt\/en\/store\/varandas-3-liqueur\/#breadcrumb","itemListElement":[{"@type":"ListItem","position":1,"name":"Home","item":"https:\/\/adegaalmeirim.pt\/en\/"},{"@type":"ListItem","position":2,"name":"Wines\/Shop","item":"https:\/\/adegaalmeirim.pt\/en\/store\/"},{"@type":"ListItem","position":3,"name":"Varandas"}]},{"@type":"WebSite","@id":"https:\/\/adegaalmeirim.pt\/#website","url":"https:\/\/adegaalmeirim.pt\/","name":"Adega Almeirim","description":"Vinhos de Portugal","publisher":{"@id":"https:\/\/adegaalmeirim.pt\/#organization"},"potentialAction":[{"@type":"SearchAction","target":{"@type":"EntryPoint","urlTemplate":"https:\/\/adegaalmeirim.pt\/?s={search_term_string}"},"query-input":{"@type":"PropertyValueSpecification","valueRequired":true,"valueName":"search_term_string"}}],"inLanguage":"en-US"},{"@type":"Organization","@id":"https:\/\/adegaalmeirim.pt\/#organization","name":"Adega de Almeirim","url":"https:\/\/adegaalmeirim.pt\/","logo":{"@type":"ImageObject","inLanguage":"en-US","@id":"https:\/\/adegaalmeirim.pt\/#\/schema\/logo\/image\/","url":"https:\/\/adegaalmeirim.pt\/wp-content\/uploads\/2017\/08\/badgeAdegaHome.png","contentUrl":"https:\/\/adegaalmeirim.pt\/wp-content\/uploads\/2017\/08\/badgeAdegaHome.png","width":232,"height":232,"caption":"Adega de Almeirim"},"image":{"@id":"https:\/\/adegaalmeirim.pt\/#\/schema\/logo\/image\/"},"sameAs":["https:\/\/www.facebook.com\/adega.almeirim","https:\/\/www.instagram.com\/adega.almeirim\/"]}]}},"_links":{"self":[{"href":"https:\/\/adegaalmeirim.pt\/en\/wp-json\/wp\/v2\/product\/1368","targetHints":{"allow":["GET"]}}],"collection":[{"href":"https:\/\/adegaalmeirim.pt\/en\/wp-json\/wp\/v2\/product"}],"about":[{"href":"https:\/\/adegaalmeirim.pt\/en\/wp-json\/wp\/v2\/types\/product"}],"replies":[{"embeddable":true,"href":"https:\/\/adegaalmeirim.pt\/en\/wp-json\/wp\/v2\/comments?post=1368"}],"wp:featuredmedia":[{"embeddable":true,"href":"https:\/\/adegaalmeirim.pt\/en\/wp-json\/wp\/v2\/media\/4543"}],"wp:attachment":[{"href":"https:\/\/adegaalmeirim.pt\/en\/wp-json\/wp\/v2\/media?parent=1368"}],"wp:term":[{"taxonomy":"product_brand","embeddable":true,"href":"https:\/\/adegaalmeirim.pt\/en\/wp-json\/wp\/v2\/product_brand?post=1368"},{"taxonomy":"product_cat","embeddable":true,"href":"https:\/\/adegaalmeirim.pt\/en\/wp-json\/wp\/v2\/product_cat?post=1368"},{"taxonomy":"product_tag","embeddable":true,"href":"https:\/\/adegaalmeirim.pt\/en\/wp-json\/wp\/v2\/product_tag?post=1368"}],"curies":[{"name":"wp","href":"https:\/\/api.w.org\/{rel}","templated":true}]}}